{"id":3,"date":"2026-01-08T21:19:56","date_gmt":"2026-01-08T20:19:56","guid":{"rendered":"https:\/\/reveal.encredigitale.com\/?page_id=3"},"modified":"2026-02-01T08:38:10","modified_gmt":"2026-02-01T07:38:10","slug":"privacy-policy","status":"publish","type":"page","link":"https:\/\/hotel-thoronet.com\/en\/politique-de-confidentialite\/","title":{"rendered":"Privacy policy"},"content":{"rendered":"<div data-elementor-type=\"wp-page\" data-elementor-id=\"3\" class=\"elementor elementor-3\" data-elementor-post-type=\"page\">\n\t\t\t\t<div class=\"elementor-element elementor-element-cb50b3d e-flex e-con-boxed e-con e-parent\" data-id=\"cb50b3d\" data-element_type=\"container\" data-e-type=\"container\">\n\t\t\t\t\t<div class=\"e-con-inner\">\n\t\t<div class=\"elementor-element elementor-element-8105877 e-con-full e-flex e-con e-child\" data-id=\"8105877\" data-element_type=\"container\" data-e-type=\"container\">\n\t\t\t\t<div class=\"elementor-element elementor-element-6bae924 elementor-widget elementor-widget-heading\" data-id=\"6bae924\" data-element_type=\"widget\" data-e-type=\"widget\" data-widget_type=\"heading.default\">\n\t\t\t\t\t<h1 class=\"elementor-heading-title elementor-size-default\">Privacy policy<\/h1>\t\t\t\t<\/div>\n\t\t\t\t<div class=\"elementor-element elementor-element-a91485c elementor-widget elementor-widget-text-editor\" data-id=\"a91485c\" data-element_type=\"widget\" data-e-type=\"widget\" data-widget_type=\"text-editor.default\">\n\t\t\t\t\t\t\t\t\t<h2>PREAMBLE<\/h2>\n<p>This privacy policy informs you about how Hostellerie de l\u2019Abbaye uses and protects any information you provide to us when you use this website, accessible from the following URL: www.chateauberne.com.<\/p>\n<p>Please note that this privacy policy may be modified or supplemented at any time by Hostellerie de l\u2019Abbaye, particularly in order to comply with any legal or technological developments. In such a case, the date of its update will be clearly identified at the top of this policy. These changes will be binding on the user as soon as they are published online. Users should therefore consult this privacy policy regularly to be aware of any changes.<\/p>\n<p><\/p>\n<h2>ARTICLE 1. PARTIES<\/h2>\n<p>This privacy policy applies between Hostellerie de l\u2019Abbaye, hereinafter referred to as \u00abthe Publisher,\u00bb and any person connecting to the Site, hereinafter referred to as \u00abthe Internet User.\u00bb.<\/p>\n<h2>ARTICLE 2. DEFINITIONS<\/h2>\n<p>\u00abSite Content\u00bb: elements of any kind published on the Site, protected or not by intellectual property rights, such as texts, images, designs, presentations, videos, diagrams, structures, databases or software.<\/p>\n<p>\u00abInternet user\u00bb: any person connecting to the Site.<\/p>\n<p><\/p>\n<p>\u00abSite\u00bb: website accessible at the URL<\/p>\n<p>ultimateprovence.com, as well as sub-sites, mirror sites, portals and URL variations relating thereto.<\/p>\n<h2>ARTICLE 3. SCOPE OF APPLICATION<\/h2>\n<p>This privacy policy applies to all Internet users. Simply connecting to and\/or browsing the Site will constitute your full and complete acceptance of this privacy policy. Furthermore, clicking \u00abOK, accept all\u00bb in the cookie information banner displayed on the Site constitutes<br>your confirmation of this acceptance. By doing so, you acknowledge that you have fully read and accepted them without restriction.<\/p>\n<p>The user acknowledges the evidentiary value of the \u00abpublisher's\u00bb automated recording systems, unless they can provide evidence to the contrary.<\/p>\n<p><\/p>\n<p>Acceptance of this privacy policy presumes that Internet users have the necessary legal capacity to do so or are at least 16 years of age, or failing that, have the authorisation of a guardian or curator if they are legally incapacitated, of their legal representative if they are under 16 years of age, or are holders of a power of attorney if they are acting on behalf of a legal entity.<\/p>\n<h2>ARTICLE 4. PERSONAL DATA<\/h2>\n<p>In general, you may visit the Site without voluntarily communicating any personal information about yourself. In any event, you are under no obligation to voluntarily transmit this information to the \u00abpublisher\u00bb.<\/p>\n<p>However, if you refuse, you may not be able to benefit from certain information or services that you have requested. In certain cases, the \u00abeditor\u00bb may ask you to provide your surname, first name, e-mail address, telephone number, company and position. By providing this information, you expressly agree to it being processed by Hostellerie de l'Abbaye, for the purposes indicated in this document and for the purposes stated at the end of each form.<\/p>\n<p>In accordance with the General Data Protection Regulation (GDPR) adopted by the European Parliament on 14 April 2016 and current national legislation, the \u00abpublisher\u00bb provides you with the following information:<\/p>\n<h3>4.1 IDENTITY OF THE DATA CONTROLLER<\/h3>\n<p>Hostellerie de l'Abbaye is responsible for data collection and processing on the Site.<\/p>\n<h3>4.2 DATA PROTECTION OFFICER'S DETAILS<\/h3>\n<p>The identity of the Data Protection Officer is Hostellerie de l\u2019Abbaye.<\/p>\n<h3>4.3 COLLECTION OF DATA BY THE \u00abPUBLISHER\u00bb<\/h3>\n<h4>4.3.1 Data Collected<\/h4>\n<p><strong>4.3.1.1 Data collected during browsing<\/strong><\/p>\n<p>When browsing the Site, you consent to the \u00abpublisher\u00bb collecting information relating to: your use of the Site; the content consulted and clicked on; your demographic data; the device used and its software environment; tracers, web beacons, web storage, advertising identifiers, etc.; your use of the Site; the content consulted and clicked on; your demographic data; the device used and its software environment; your use of the Site.<br>unique data; connection data (times, pages consulted, IP address, etc.); and\/or web pages visited before or after using the Site.<\/p>\n<p><strong>4.3.1.2 Data collected when using the contact form or sending an email<\/strong><\/p>\n<p>The use of the contact form by the Internet User implies the collection by the \u00abpublisher\u00bb of the following personal data: surname, first name, e-mail address, information voluntarily transmitted by the Internet User for the purpose of handling his\/her case.<\/p>\n<p>Internet users who do not wish to provide the information required to use the contact form will not be able to send a message to the \u00abpublisher\u00bb directly from the Site.<\/p>\n<p><strong>4.3.1.3 Data collected when sending newsletters<\/strong><\/p>\n<p>In order to send out its newsletter, the \u00abpublisher\u00bb may need to collect and process your e-mail address.<\/p>\n<h4>4.3.2 Purposes of collecting personal data<\/h4>\n<p>The data collected during browsing is subject to automated processing for the purpose of :<\/p>\n<p><ul><li>initiate legal proceedings ;<\/li><li>verify the identity of Internet users; ;<\/li><li>ensure and improve the security of the Site; ;<\/li><li>develop, operate, improve, provide and manage the Site; ;<\/li><li>send information and contact the Internet User, including by e-mail, telephone and push notification; ;<\/li><li>share content on the Site with other people or inform other people of its consultation or opinion, via the social network sharing buttons; ;<\/li><li>Contextualise and enhance the user experience. ;<\/li><li>to target advertising content ;<\/li><li>avoid any illicit or illegal activity; ;<\/li><li>ensure compliance with the conditions governing use of the Site.<\/li><\/ul><\/p>\n\n\n\n\n\n\n\n\n\n<p>The data collected when using the contact form or sending an email is subject to automated processing for the purpose of :<\/p>\n<p><ul><li>to fulfil contractual obligations ;<\/li><li>initiate legal proceedings ;<\/li><li>verify the identity of Internet users; ;<\/li><li>send information and contact the Internet User, including by e-mail, telephone and push notification; ;<\/li><li>to target advertising content ;<\/li><li>avoid any illicit or illegal activity; ;<\/li><li>ensure compliance with the conditions governing use of the Site.<\/li><\/ul><\/p>\n\n\n\n\n\n\n<p>The data collected when a newsletter is sent is processed automatically in order to :<\/p>\n<p>send information on current events.<\/p>\n<h4>4.3.3 Legal basis for processing<\/h4>\n<p>The legal basis for the data collected during browsing is the legitimate interest of the \u00abpublisher\u00bb, namely to analyse behaviour on the Site and to improve the security and operation of the Site.<\/p>\n<p>The data collected when using the contact form or sending an email is based on the legitimate interest of the \u00abpublisher\u00bb, namely the processing of your request.<\/p>\n<p>The data collected during the newsletter sending activity is based on the consent of the data subjects.<\/p>\n<p><\/p>\n<h4>4.3.4 Data recipients<\/h4>\n<p>The data collected can only be consulted by the \u00abpublisher\u00bb, and will never be made viewable by a third-party individual.<\/p>\n<p><\/p>\n<h4>4.3.5 Retention Period of Personal Data<\/h4>\n<p>Personal data collected during browsing is kept for a reasonable period necessary for the proper administration of the Site and for a maximum of 12 months.<\/p>\n<p>The personal data collected when using the contact form is kept for the duration of the contractual relationship and up to 12 months after the assignment has been completed for the benefit of the Internet user.<\/p>\n<p>Once the retention period has expired, the \u00abpublisher\u00bb undertakes to permanently delete the data of the persons concerned.<\/p>\n<h4>4.3.6 Security and confidentiality of personal data<\/h4>\n<p>Personal data is stored in secure conditions, using the latest technology, in compliance with the provisions of the General Data Protection Regulation and national legislation in force.<\/p>\n<h3>4.4 RESPECT OF RIGHTS<\/h3>\n<p>You have the following rights regarding your personal data, which you can exercise by writing to us at our postal address: 2400 chemin de berne, 83780 flayosc, or by completing our online contact form.<\/p>\n<h4>4.4.1 Right to information, access to and communication of data<\/h4>\n<p>You have the right to access your personal data.<\/p>\n<p>Due to the security and confidentiality obligations incumbent upon the \u00abpublisher\u00bb when processing personal data, your request will only be processed if you provide proof of your identity, notably by submitting a scan of your valid identification document (if using our dedicated electronic form) or a signed photocopy of your valid identification document (if the request is sent<br>in writing), both accompanied by the words \u00abI certify on my honour that the copy of this identity document is a true copy of the original. Signed at _ _ _ _ _ _ _ _ _ _ _ _ _ _ _ _ on _ _ \/_ _\/_ _ _ _ _ _\u00bb, followed by your signature.<\/p>\n<p>To help you in your process, you will find here a model letter developed by the CNIL.<\/p>\n<h4>4.4.2 Right of rectification, erasure and the right to be forgotten<\/h4>\n<p>You have the right to request the rectification, updating, blocking or deletion of your personal data which may be inaccurate, incorrect, incomplete or obsolete.<\/p>\n<p>You may also define general and specific directives relating to the fate of personal data after your death. Where applicable, the heirs of a deceased person may request that the death of their relative be taken into account and\/or that the necessary updates be made.<\/p>\n<p>To help you in your process, you will find here a model letter developed by the CNIL.<\/p>\n<h4>4.4.3 Right to object to processing of data<\/h4>\n<p>You have the right to object to the processing of your personal data.<\/p>\n<p>To help you in your process, you will find here a model letter developed by the CNIL.<\/p>\n<h4>4.4.4 Right to data portability<\/h4>\n<p>You have the right to receive the personal data you have provided in a transferable, open and readable format.<\/p>\n<h4>Right to restriction of processing<\/h4>\n<p>You have the right to request that the processing of your personal data by the \u00abpublisher\u00bb be restricted. In this way, your data can only be stored and no longer used by the \u00abpublisher\u00bb.<\/p>\n<h4>4.4.6 Response Times<\/h4>\n<p>\u00abThe publisher undertakes to reply to your request for access, rectification or opposition or any other additional request for information within a reasonable period of time, which may not exceed 1 month from receipt of your request.<\/p>\n<h4>4.4.7 Complaints to the competent authority<\/h4>\n<p>If you believe that the \u00abpublisher\u00bb is not fulfilling its obligations regarding your Personal Information, you can submit a complaint or request to the competent authority. In France, the competent authority is the CNIL, to which you can submit a request here.<\/p>\n<h3>4.5 TRANSFER OF COLLECTED DATA<\/h3>\n<h4>4.5.1 Transfer to partners<\/h4>\n<p>\u00abThe publisher\u00bb informs you that we use authorised service providers to facilitate the collection and processing of the data you have provided to us. These service providers may be located outside the European Union and have access to the data collected on the Site.<\/p>\n<p>\u00abThe publisher has first ensured that its service providers have implemented adequate guarantees and adhere to strict conditions regarding confidentiality, use, and protection of data, for instance via the EU-US Privacy Shield.<\/p>\n<p>The Internet user agrees that the data collected may be transmitted by the \u00abPublisher\u00bb to its partners and may be processed by these partners as part of third-party services, namely:<\/p>\n<p>Partner Country of destination Treatment carried out Policy<br>confidentiality<\/p>\n<p>Google Analytics US Subcontractor (Privacy Shield) Development of commercial statistics to generate<br>reports on Internet users' interactions. https:\/\/policies.google.com\/privacy<\/p>\n<p>Google Maps Subcontractor USA (Privacy Shield) Interactive maps and geolocation service. https:\/\/policies.google.com\/privacy<\/p>\n<p>YouTube Subcontractor USA (Privacy Shield) Streaming video sharing service. https:\/\/policies.google.com\/privacy<\/p>\n<p><\/p>\n<h4>4.5.2 Transfer on requisition or court order<\/h4>\n<p>The Internet User also consents to the \u00abpublisher\u00bb disclosing the data collected to any person, at the request of a state authority or by court order.<\/p>\n<h4>4.5.3 Transfer in connection with a merger or acquisition<\/h4>\n<p>If the \u00abpublisher\u00bb is involved in a merger, a sale of assets, a financing operation, a liquidation or bankruptcy or in an acquisition of all or part of its business by another company, the Internet User consents to the data collected being transmitted by the \u00abpublisher\u00bb to this company and to this company carrying out the processing of personal data referred to in this confidentiality policy in the place and stead of the \u00abpublisher\u00bb.<\/p>\n<h2>ARTICLE 5. POLICY ON COOKIES<\/h2>\n<p>When you first connect to the \u00abpublisher\u00bb website, you will be warned by a banner at the top or bottom of your screen that information relating to your browsing may be recorded in files known as \u00abcookies\u00bb. Our policy on the use of cookies gives you a better understanding of the measures we have implemented for browsing our website. In particular, it informs you about all the cookies present on our website, their purpose and how to configure them.<\/p>\n<h3>5.1 USE OF COOKIES<\/h3>\n<p>\u00abThe publisher\u00bb, as the publisher of this website, may install a cookie and other tracking technologies on the hard drive of your device (computer, tablet, mobile, etc.) to ensure smooth and optimal navigation on our website.<\/p>\n<p>\u00abCookies\u00bb are small, limited-size text files that allow us to recognise your computer, tablet, or mobile device for the purpose of personalising the services we offer you.<\/p>\n<p>In order to provide you with a better understanding of the information that cookies identify, you will find below a table listing the different types of cookies that may be used on the \u00abl'\u00e9diteur\u00bb website, their name, their purpose and the length of time they are retained.<\/p>\n<h3>5.2 PURPOSE OF DATA LOGGING<\/h3>\n<p>With the help of the information contained in the tracers and cookies used, the \u00abpublisher\u00bb may analyse the number of visits to and use of the Site and, where appropriate, facilitate and improve browsing, carry out canvassing operations, compile commercial statistics or display targeted advertising.<\/p>\n<h3>5.3 TRACERS USED<\/h3>\n<p>Partner Purpose<br>Partner treatment conditions<\/p>\n<p>Google Analytics Elaboration<br>business statistics. https:\/\/policies.google.com\/technologies\/types<\/p>\n<p>Google Maps Service<br>interactive maps and geolocation. https:\/\/policies.google.com\/technologies\/types<\/p>\n<p>Youtube Service<br>video streaming sharing. https:\/\/policies.google.com\/technologies\/types<\/p>\n<h3>5.4 CONFIGURING YOUR COOKIE PREFERENCES<\/h3>\n<p>When you first connect to the \u00abpublisher's\u00bb website, a banner briefly presenting information relating to the deposit of cookies and similar technologies appears at the top or bottom of your screen. This banner warns you that by continuing to browse the \u00abpublisher's\u00bb website (by scrolling, clicking on various elements of the site or loading a new page, for example), you are accepting the deposit of cookies on your terminal. You are also deemed to have given your consent to the deposit of cookies by clicking on the \u00abOK, accept all\u00bb icon to the right of the banner at the top or bottom of your screen.<\/p>\n<h4>5.4.1 Cookies exempt from consent<\/h4>\n<p>In accordance with the recommendations of the Commission Nationale de l'Informatique et des Libert\u00e9s (CNIL), certain cookies do not require your prior consent if they are strictly<br>necessary for the functioning of the website or are exclusively intended to enable or facilitate communication by electronic means. These include, in particular, session identification cookies, authentication cookies, load balancing session cookies, and user interface customisation cookies. These cookies are fully subject to this policy insofar as they are issued and managed by the \u00abpublisher\u00bb.<\/p>\n<h4>5.4.2 Cookies requiring your prior consent<\/h4>\n<p>This requirement concerns cookies issued by third parties, which are classified as \u00abpersistent\u00bb in that they remain on your device until they are deleted or expire.<\/p>\n<p>As such cookies are issued by third parties, their use and storage are subject to their own confidentiality policies. This family of cookies includes audience measurement cookies, advertising cookies and social network sharing cookies.<\/p>\n<p>Audience measurement cookies establish statistics regarding traffic and the use of various elements of the website (such as the content\/pages you have visited). This data helps to improve the usability of the \u00abpublisher's\u00bb website.<\/p>\n<h3>5.5 MAXIMUM STORAGE PERIOD FOR DATA LOGGERS<\/h3>\n<p>Tracers are intended to be stored on the Internet user's computer for a period of up to 13 months. This data is stored in secure conditions, using current technical means, in compliance with the provisions of the General Data Protection Regulation and national legislation in force.<\/p>\n<h3>5.6 OPPOSITION TO THE USE OF COOKIES<\/h3>\n<h4>5.6.1 Right to object to the use of cookies<\/h4>\n<p>You can accept or refuse cookies at any time.<\/p>\n<p>The User can delete or disable the use of trackers at any time by modifying their browser settings or by using the settings interface offered by the Site and available upon first connection at the top or bottom of the homepage, by clicking on the \u00abCustomise\u00bb icon to the right of the banner. It is possible to browse the Site without trackers. Certain additional features of the Site may<br>however, may not function if the Internet User has deactivated the use of trackers, such as navigation indicators, interactive maps and video streaming.<\/p>\n<h4>5.6.2 Settings<\/h4>\n<p>For more information about cookie management tools, please consult the dedicated page on the Cnil website.<\/p>\n<p><strong>5.6.2.1 Browser settings<\/strong><\/p>\n<p>Each Internet browser has its own cookie management settings. Internet users can configure their browser software so that cookies are rejected either systematically or depending on the sender. Internet users can also configure their browser software so that they are asked to accept or reject cookies from time to time, before a cookie is likely to be stored on their terminal.<\/p>\n<p>Each browser has a different configuration for managing cookies and Internet users' choices. This is described in the browser's help menu, which will tell you how to modify your cookie preferences:<\/p>\n<p>For Internet Explorer ;<\/p>\n<p>For Safari ;<\/p>\n<p>For Chrome ;<\/p>\n<p>For Firefox ;<\/p>\n<p>For Opera.<\/p>\n<p><strong>5.6.2.2 Settings using add-on modules<\/strong><\/p>\n<p>The user can also configure the collection of personal data by installing add-ons.<\/p>\n<p>For more information about cookie management tools, please consult the dedicated page on the Cnil website.<\/p>\n<h2>ARTICLE 6. INTELLECTUAL PROPERTY<\/h2>\n<h3>6.1 LEGAL PROTECTION OF SITE CONTENT<\/h3>\n<p>The Site Content may be protected by copyright and database rights. Any representation, reproduction, translation, adaptation or transformation, in whole or in part, carried out illegally and without the consent of the \u00abpublisher\u00bb or its rights holders or beneficiaries constitutes an infringement of Books I and III of the Intellectual Property Code and may result in legal proceedings for counterfeiting.<\/p>\n<h3>6.2 LICENSING AGREEMENT FOR WEBSITE CONTENT<\/h3>\n<p>The Internet User contractually undertakes to the \u00abpublisher\u00bb not to use, reproduce or represent, in any way whatsoever, the Site Content, whether or not it is protected by an intellectual property right, for any purpose other than for reading by a robot or browser. This prohibition does not apply to robots<br>for indexing purposes with the sole object of scanning the content of the Site for indexing.<\/p>\n<h2>ARTICLE 7. FINAL PROVISIONS<\/h2>\n<h3>7.1 MODIFICATIONS<\/h3>\n<p>The present Privacy Policy may be modified at any time by the \u00abpublisher\u00bb. The conditions applicable to the Internet User are those in force at the time of his\/her connection to the Site, any new connection to the Site implying acceptance of the new conditions, where applicable.<\/p>\n<h3>7.2 ENTITY<\/h3>\n<p>The nullity of one of the clauses of this contract shall not entail the nullity of the other clauses of the contract or of the contract as a whole, which shall retain their full effect and scope. In such a case, the parties shall, as far as possible, replace the invalidated provision with a valid provision corresponding to the spirit and purpose of the present contract.<\/p>\n<h3>7.3 NON-WAIVER<\/h3>\n<p>The publisher's failure to exercise any rights recognised herein shall not be construed as a waiver of such rights.<\/p>\n<h3>7.4 LANGUAGES<\/h3>\n<p>These terms and conditions are offered in French.<\/p>\n<p>7.5 Unfair Contract Terms<\/p>\n<p>The provisions of these terms and conditions apply subject to compliance with the mandatory provisions of the Consumer Code concerning unfair terms in contracts concluded between a professional and a consumer.<\/p>\n<h2>ARTICLE 8. DISPUTES<\/h2>\n<h3>8.1 Governing Law<\/h3>\n<p>This Privacy Policy is subject to French law and European regulation, notably the European Data Protection Regulation.<\/p>\n<h3>8.2 ARBITRAGE<\/h3>\n<p>Any dispute relating to or in connection with this agreement shall be settled by arbitration in accordance with the FastArbitre Rules of the Digital Institute of Arbitration and Mediation.<\/p>\t\t\t\t\t\t\t\t<\/div>\n\t\t\t\t<\/div>\n\t\t\t\t\t<\/div>\n\t\t\t\t<\/div>\n\t\t\t\t<\/div>","protected":false},"excerpt":{"rendered":"<p>Politique de confidentialit\u00e9 PR\u00c9AMBULE La pr\u00e9sente politique de confidentialit\u00e9 vous informe sur la mani\u00e8re dont Hostellerie de l&rsquo;Abbaye utilise et prot\u00e8ge les informations que vous nous transmettez, le cas \u00e9ch\u00e9ant, lorsque vous utilisez le pr\u00e9sent site accessible \u00e0 partir de l\u2019URL suivante : www.chateauberne.com. Veuillez noter que cette politique de confidentialit\u00e9 est susceptible d\u2019\u00eatre modifi\u00e9e [&hellip;]<\/p>\n","protected":false},"author":1,"featured_media":0,"parent":0,"menu_order":0,"comment_status":"closed","ping_status":"open","template":"","meta":{"footnotes":""},"class_list":["post-3","page","type-page","status-publish","hentry"],"_links":{"self":[{"href":"https:\/\/hotel-thoronet.com\/en\/wp-json\/wp\/v2\/pages\/3","targetHints":{"allow":["GET"]}}],"collection":[{"href":"https:\/\/hotel-thoronet.com\/en\/wp-json\/wp\/v2\/pages"}],"about":[{"href":"https:\/\/hotel-thoronet.com\/en\/wp-json\/wp\/v2\/types\/page"}],"author":[{"embeddable":true,"href":"https:\/\/hotel-thoronet.com\/en\/wp-json\/wp\/v2\/users\/1"}],"replies":[{"embeddable":true,"href":"https:\/\/hotel-thoronet.com\/en\/wp-json\/wp\/v2\/comments?post=3"}],"version-history":[{"count":7,"href":"https:\/\/hotel-thoronet.com\/en\/wp-json\/wp\/v2\/pages\/3\/revisions"}],"predecessor-version":[{"id":1739,"href":"https:\/\/hotel-thoronet.com\/en\/wp-json\/wp\/v2\/pages\/3\/revisions\/1739"}],"wp:attachment":[{"href":"https:\/\/hotel-thoronet.com\/en\/wp-json\/wp\/v2\/media?parent=3"}],"curies":[{"name":"wp","href":"https:\/\/api.w.org\/{rel}","templated":true}]}}